{"id":5223,"date":"2016-05-31T09:42:57","date_gmt":"2016-05-31T06:42:57","guid":{"rendered":"http:\/\/astgmu.ru\/kafedra-terapevticheskoj-stomatologii\/uchebnaya-rabota\/"},"modified":"2021-10-29T14:00:42","modified_gmt":"2021-10-29T10:00:42","slug":"uchebnaya-rabota","status":"publish","type":"page","link":"https:\/\/astgmu.ru\/en\/kafedra-terapevticheskoj-stomatologii\/uchebnaya-rabota\/","title":{"rendered":"\u0423\u0447\u0435\u0431\u043d\u0430\u044f \u0440\u0430\u0431\u043e\u0442\u0430"},"content":{"rendered":"<p>[vc_row][vc_column][vc_separator][vc_column_text]<a href=\"http:\/\/astgmu.ru\/wp-content\/uploads\/2016\/05\/\u0413\u0440\u0430\u0444\u0438\u043a-\u0437\u0430\u0447\u0435\u0442\u0430-\u0424\u0418\u0421-2.docx\">\u0420\u0430\u0441\u043f\u0438\u0441\u0430\u043d\u0438\u0435 \u043f\u0440\u043e\u043c\u0435\u0436\u0443\u0442\u043e\u0447\u043d\u043e\u0439 \u0430\u0442\u0442\u0435\u0441\u0442\u0430\u0446\u0438\u0438 \u0432 \u0432\u0438\u0434\u0435 \u0437\u0430\u0447\u0435\u0442\u0430 \u043d\u0430 \u043a\u0430\u0444\u0435\u0434\u0440\u0435 \u0442\u0435\u0440\u0430\u043f\u0435\u0432\u0442\u0438\u0447\u0435\u0441\u043a\u043e\u0439 \u0441\u0442\u043e\u043c\u0430\u0442\u043e\u043b\u043e\u0433\u0438\u0438 \u0434\u043b\u044f \u0441\u0442\u0443\u0434\u0435\u043d\u0442\u043e\u0432 4 \u043a\u0443\u0440\u0441\u0430 \u0441\u0442\u043e\u043c\u0430\u0442\u043e\u043b\u043e\u0433\u0438\u0447\u0435\u0441\u043a\u043e\u0433\u043e \u0444\u0430\u043a\u0443\u043b\u044c\u0442\u0435\u0442\u0430 (\u0424\u0418\u0421) \u043d\u0430 2016-2017 \u0443\u0447\u0435\u0431\u043d\u044b\u0439 \u0433\u043e\u0434<\/a><\/p>\n<p><a href=\"http:\/\/astgmu.ru\/wp-content\/uploads\/2016\/05\/\u0413\u0440\u0430\u0444\u0438\u043a-\u0437\u0430\u0447\u0435\u0442\u0430-4-\u041a\u0423\u0420\u0421.docx\">\u0420\u0430\u0441\u043f\u0438\u0441\u0430\u043d\u0438<\/a><a href=\"http:\/\/astgmu.ru\/wp-content\/uploads\/2016\/05\/\u0413\u0440\u0430\u0444\u0438\u043a-\u0437\u0430\u0447\u0435\u0442\u0430-4-\u041a\u0423\u0420\u0421.docx\">\u0435 \u043f\u0440\u043e\u043c\u0435\u0436\u0443\u0442\u043e\u0447\u043d\u043e\u0439 \u0430\u0442\u0442\u0435\u0441\u0442\u0430\u0446\u0438\u0438 \u0432 \u0432\u0438\u0434\u0435 \u0437\u0430\u0447\u0435\u0442\u0430 \u043d\u0430 \u043a\u0430\u0444\u0435\u0434\u0440\u0435 \u0442\u0435\u0440\u0430\u043f\u0435\u0432\u0442\u0438\u0447\u0435\u0441\u043a\u043e\u0439 \u0441\u0442\u043e\u043c\u0430\u0442\u043e\u043b\u043e\u0433\u0438\u0438 \u0434\u043b\u044f \u0441\u0442\u0443\u0434\u0435\u043d\u0442\u043e\u0432 4 \u043a\u0443\u0440\u0441\u0430 \u0441\u0442\u043e\u043c\u0430\u0442\u043e\u043b\u043e\u0433\u0438\u0447\u0435\u0441\u043a\u043e\u0433\u043e \u0444\u0430\u043a\u0443\u043b\u044c\u0442\u0435\u0442\u0430 \u043d\u0430 2016-2017 \u0443\u0447\u0435\u0431\u043d\u044b\u0439 \u0433\u043e\u0434<\/a><\/p>\n<p><a href=\"http:\/\/astgmu.ru\/wp-content\/uploads\/2016\/05\/Le-travail-m\u00e9thodique-pour-passer-le-stage-d\u2019-assistant-du-stomatologue.pdf\">L<\/a><a href=\"http:\/\/astgmu.ru\/wp-content\/uploads\/2016\/05\/Le-travail-m\u00e9thodique-pour-passer-le-stage-d\u2019-assistant-du-stomatologue.pdf\">\u00a0e travail m\u00e9thodique pour passer le stage d\u2019 assistant du stomatologue ( hygi\u00e9niste) Pour les \u00e9tudiants en 3 \u00e8me ann\u00e9e 6 \u00e8me semestre de l\u2019ann\u00e9e universitaire 2016 &#8211; 2017<\/a><\/p>\n<p><a href=\"http:\/\/astgmu.ru\/wp-content\/uploads\/2016\/05\/Le-travail-m\u00e9thodique-pour-passer-le-stage-dassistant-du-stomatologue-th\u00e9rapeute-.pdf\">Le travail m\u00e9thodique pour passer le stage dassistant du stomatologue( th\u00e9rapeute )<\/a><\/p>\n<p><a href=\"http:\/\/astgmu.ru\/wp-content\/uploads\/2016\/05\/\u0437\u0430\u0447\u0435\u0442\u043d\u044b\u0435-\u0432\u043e\u043f\u0440\u043e\u0441\u044b-\u043f\u043e-\u0434\u0438\u0441\u0446\u0438\u043f\u043b\u0438\u043d\u0435-\u0417\u0430\u0431\u043e\u043b\u0435\u0432\u0430\u043d\u0438\u044f-\u0441\u043b\u0438\u0437\u0438\u0441\u0442\u043e\u0439-\u043e\u0431\u043e\u043b\u043e\u0447\u043a\u0438-\u043f\u043e\u043b\u043e\u0441\u0442\u0438-\u0440\u0442\u0430-\u0434\u043b\u044f-\u0441\u0442\u0443\u0434\u0435\u043d\u0442\u043e\u0432-5-\u043a\u0443\u0440\u0441\u0430.pdf\">\u0437\u0430\u0447\u0435\u0442\u043d\u044b\u0435 \u0432\u043e\u043f\u0440\u043e\u0441\u044b \u043f\u043e \u0434\u0438\u0441\u0446\u0438\u043f\u043b\u0438\u043d\u0435 &#8220;\u0417\u0430\u0431\u043e\u043b\u0435\u0432\u0430\u043d\u0438\u044f \u0441\u043b\u0438\u0437\u0438\u0441\u0442\u043e\u0439 \u043e\u0431\u043e\u043b\u043e\u0447\u043a\u0438 \u043f\u043e\u043b\u043e\u0441\u0442\u0438 \u0440\u0442\u0430&#8221; \u0434\u043b\u044f \u0441\u0442\u0443\u0434\u0435\u043d\u0442\u043e\u0432 5 \u043a\u0443\u0440\u0441\u0430<\/a><\/p>\n<p><a href=\"http:\/\/astgmu.ru\/wp-content\/uploads\/2016\/05\/\u0437\u0430\u0447\u0435\u0442\u043d\u044b\u0435-\u0432\u043e\u043f\u0440\u043e\u0441\u044b-\u043f\u043e-\u043c\u043e\u0434\u0443\u043b\u044e-\u041a\u0430\u0440\u0438\u0435\u0441\u043e\u043b\u043e\u0433\u0438\u044f-\u0438-\u0437\u0430\u0431\u043e\u043b\u0435\u0432\u0430\u043d\u0438\u044f-\u0442\u0432\u0435\u0440\u0434\u044b\u0445-\u0442\u043a\u0430\u043d\u0435\u0439-\u0437\u0443\u0431\u043e\u0432.pdf\">\u0437\u0430\u0447\u0435\u0442\u043d\u044b\u0435 \u0432\u043e\u043f\u0440\u043e\u0441\u044b \u043f\u043e \u043c\u043e\u0434\u0443\u043b\u044e &#8220;\u041a\u0430\u0440\u0438\u0435\u0441\u043e\u043b\u043e\u0433\u0438\u044f \u0438 \u0437\u0430\u0431\u043e\u043b\u0435\u0432\u0430\u043d\u0438\u044f \u0442\u0432\u0435\u0440\u0434\u044b\u0445 \u0442\u043a\u0430\u043d\u0435\u0439 \u0437\u0443\u0431\u043e\u0432<\/a>&#8220;\u0434\u043b\u044f \u0441\u0442\u0443\u0434\u0435\u043d\u0442\u043e\u0432 4 \u043a\u0443\u0440\u0441\u0430<\/p>\n<p><a href=\"http:\/\/astgmu.ru\/wp-content\/uploads\/2016\/05\/\u0437\u0430\u0447\u0435\u0442\u043d\u044b\u0435-\u0432\u043e\u043f\u0440\u043e\u0441\u044b-\u0434\u0438\u0441\u0446\u0438\u043f\u043b\u0438\u043d\u044b-\u043f\u043e-\u0432\u044b\u0431\u043e\u0440\u0443-\u0421\u043e\u0432\u0440\u0435\u043c\u0435\u043d\u043d\u044b\u0435-\u0442\u0435\u0445\u043d\u043e\u043b\u043e\u0433\u0438\u0438-\u0432-\u044d\u043d\u0434\u043e\u0434\u043e\u043d\u0442\u0438\u0438.pdf\">\u0437\u0430\u0447\u0435\u0442\u043d\u044b\u0435 \u0432\u043e\u043f\u0440\u043e\u0441\u044b \u0434\u0438\u0441\u0446\u0438\u043f\u043b\u0438\u043d\u044b \u043f\u043e \u0432\u044b\u0431\u043e\u0440\u0443 &#8220;\u0421\u043e\u0432\u0440\u0435\u043c\u0435\u043d\u043d\u044b\u0435 \u0442\u0435\u0445\u043d\u043e\u043b\u043e\u0433\u0438\u0438 \u0432 \u044d\u043d\u0434\u043e\u0434\u043e\u043d\u0442\u0438\u0438<\/a>&#8220;\u0434\u043b\u044f \u0441\u0442\u0443\u0434\u0435\u043d\u0442\u043e\u0432 4 \u043a\u0443\u0440\u0441\u0430<\/p>\n<p><a href=\"http:\/\/astgmu.ru\/wp-content\/uploads\/2016\/05\/\u044d\u043a\u0437\u0430\u043c\u0435\u043d\u0430\u0446\u0438\u043e\u043d\u043d\u044b\u0435-\u0432\u043e\u043f\u0440\u043e\u0441\u044b-\u043f\u043e-\u0434\u0438\u0441\u0446\u0438\u043f\u043b\u0438\u043d\u0435-\u0421\u0442\u043e\u043c\u0430\u0442\u043e\u043b\u043e\u0433\u0438\u044f-\u0434\u043b\u044f-5-\u043a\u0443\u0440\u0441\u0430.pdf\">\u044d\u043a\u0437\u0430\u043c\u0435\u043d\u0430\u0446\u0438\u043e\u043d\u043d\u044b\u0435 \u0432\u043e\u043f\u0440\u043e\u0441\u044b \u043f\u043e \u0434\u0438\u0441\u0446\u0438\u043f\u043b\u0438\u043d\u0435 &#8220;\u0421\u0442\u043e\u043c\u0430\u0442\u043e\u043b\u043e\u0433\u0438\u044f&#8221; \u0434\u043b\u044f 5 \u043a\u0443\u0440\u0441\u0430<\/a><\/p>\n<p><a href=\"http:\/\/astgmu.ru\/wp-content\/uploads\/2016\/05\/\u0437\u0430\u0447\u0435\u0442\u043d\u044b\u0435-\u0432\u043e\u043f\u0440\u043e\u0441\u044b-\u0434\u0438\u0441\u0446\u0438\u043f\u043b\u0438\u043d\u044b-\u043f\u043e-\u0432\u044b\u0431\u043e\u0440\u0443-\u0421\u043e\u0432\u0440\u0435\u043c\u0435\u043d\u043d\u044b\u0435-\u0442\u0435\u0445\u043d\u043e\u043b\u043e\u0433\u0438\u0438-\u0432-\u044d\u043d\u0434\u043e\u0434\u043e\u043d\u0442\u0438\u0438-\u0434\u043b\u044f-4-\u043a\u0443\u0440\u0441\u0430-\u0424\u0418\u0421.pdf\">\u0437\u0430\u0447\u0435\u0442\u043d\u044b\u0435 \u0432\u043e\u043f\u0440\u043e\u0441\u044b \u0434\u0438\u0441\u0446\u0438\u043f\u043b\u0438\u043d\u044b \u043f\u043e \u0432\u044b\u0431\u043e\u0440\u0443 &#8220;\u0421\u043e\u0432\u0440\u0435\u043c\u0435\u043d\u043d\u044b\u0435 \u0442\u0435\u0445\u043d\u043e\u043b\u043e\u0433\u0438\u0438 \u0432 \u044d\u043d\u0434\u043e\u0434\u043e\u043d\u0442\u0438\u0438&#8221; \u0434\u043b\u044f 4 \u043a\u0443\u0440\u0441\u0430 \u0424\u0418\u0421<\/a><\/p>\n<p><a href=\"http:\/\/astgmu.ru\/wp-content\/uploads\/2016\/05\/\u0437\u0430\u0447\u0435\u0442\u043d\u044b\u0435-\u0432\u043e\u043f\u0440\u043e\u0441\u044b-\u043f\u043e-\u043c\u043e\u0434\u0443\u043b\u044e-\u041a\u0430\u0440\u0438\u0435\u0441\u043e\u043b\u043e\u0433\u0438\u044f-\u0438-\u0437\u0430\u0431\u043e\u043b\u0435\u0432\u0430\u043d\u0438\u044f-\u0442\u0432\u0435\u0440\u0434\u044b\u0445-\u0442\u043a\u0430\u043d\u0435\u0439-\u0437\u0443\u0431\u043e\u0432-\u0434\u043b\u044f-4-\u043a\u0443\u0440\u0441\u0430-\u0424\u0418\u0421.pdf\">\u0437\u0430\u0447\u0435\u0442\u043d\u044b\u0435 \u0432\u043e\u043f\u0440\u043e\u0441\u044b \u043f\u043e \u043c\u043e\u0434\u0443\u043b\u044e &#8220;\u041a\u0430\u0440\u0438\u0435\u0441\u043e\u043b\u043e\u0433\u0438\u044f \u0438 \u0437\u0430\u0431\u043e\u043b\u0435\u0432\u0430\u043d\u0438\u044f \u0442\u0432\u0435\u0440\u0434\u044b\u0445 \u0442\u043a\u0430\u043d\u0435\u0439 \u0437\u0443\u0431\u043e\u0432&#8221; \u0434\u043b\u044f 4 \u043a\u0443\u0440\u0441\u0430 \u0424\u0418\u0421<\/a><\/p>\n<p><a href=\"http:\/\/astgmu.ru\/wp-content\/uploads\/2016\/05\/\u0437\u0430\u0447\u0435\u0442\u043d\u044b\u0435-\u0432\u043e\u043f\u0440\u043e\u0441\u044b-\u043f\u043e-\u0434\u0438\u0441\u0446\u0438\u043f\u043b\u0438\u043d\u0435-\u0417\u0430\u0431\u043e\u043b\u0435\u0432\u0430\u043d\u0438\u044f-\u0441\u043b\u0438\u0437\u0438\u0441\u0442\u043e\u0439-\u043e\u0431\u043e\u043b\u043e\u0447\u043a\u0438-\u043f\u043e\u043b\u043e\u0441\u0442\u0438-\u0440\u0442\u0430-\u0434\u043b\u044f-5-\u043a\u0443\u0440\u0441\u0430-\u0424\u0418\u0421.pdf\">\u0437\u0430\u0447\u0435\u0442\u043d\u044b\u0435 \u0432\u043e\u043f\u0440\u043e\u0441\u044b \u043f\u043e \u0434\u0438\u0441\u0446\u0438\u043f\u043b\u0438\u043d\u0435 &#8220;\u0417\u0430\u0431\u043e\u043b\u0435\u0432\u0430\u043d\u0438\u044f \u0441\u043b\u0438\u0437\u0438\u0441\u0442\u043e\u0439 \u043e\u0431\u043e\u043b\u043e\u0447\u043a\u0438 \u043f\u043e\u043b\u043e\u0441\u0442\u0438 \u0440\u0442\u0430&#8221; \u00a0\u0434\u043b\u044f 5 \u043a\u0443\u0440\u0441\u0430 \u0424\u0418\u0421<\/a><\/p>\n<p><a href=\"http:\/\/astgmu.ru\/wp-content\/uploads\/2016\/05\/\u044d\u043a\u0437\u0430\u043c\u0435\u043d\u043d\u0430\u0446\u0438\u043e\u043d\u043d\u044b\u0435-\u0432\u043e\u043f\u0440\u043e\u0441\u044b-\u043f\u043e-\u0434\u0438\u0441\u0446\u0438\u043f\u043b\u0438\u043d\u0435-\u0421\u0442\u043e\u043c\u0430\u0442\u043e\u043b\u043e\u0433\u0438\u044f-\u0434\u043b\u044f-5-\u043a\u0443\u0440\u0441\u0430-\u0424\u0418\u0421.pdf\">\u044d\u043a\u0437\u0430\u043c\u0435\u043d\u0430\u0446\u0438\u043e\u043d\u043d\u044b\u0435 \u0432\u043e\u043f\u0440\u043e\u0441\u044b \u043f\u043e \u0434\u0438\u0441\u0446\u0438\u043f\u043b\u0438\u043d\u0435 &#8220;\u0421\u0442\u043e\u043c\u0430\u0442\u043e\u043b\u043e\u0433\u0438\u044f&#8221; \u0434\u043b\u044f 5 \u043a\u0443\u0440\u0441\u0430 \u0424\u0418\u0421<\/a><a href=\"http:\/\/astgmu.ru\/wp-content\/uploads\/2016\/05\/\u041f\u0440\u0430\u043a\u0442\u0438\u043a\u0430-\u043f\u043e\u043c\u043e\u0449\u043d\u0438\u043a-\u0432\u0440\u0430\u0447\u0430-\u0441\u0442\u043e\u043c\u0430\u0442\u043e\u043b\u043e\u0433\u0430\u0434\u0435\u0442\u0441\u043a\u043e\u0433\u043e-\u043c\u0435\u0442\u043e\u0434\u0438\u0447\u0435\u0441\u043a\u0438\u0435-\u0443\u043a\u0430\u0437\u0430\u043d\u0438\u044f-\u0434\u043b\u044f-\u0441\u0442\u0443\u0434\u0435\u043d\u0442\u043e\u0432-5-\u043a\u0443\u0440\u0441\u0430-9-\u0441\u0435\u043c\u0435\u0441\u0442\u04402016-2017-\u0443\u0447.\u0433..docx\">voprosy-k-perevodnomu-ekzamenu-detskaya-stomatologiya-5-kurs-9-semestr-2016-2017-uch-gg<\/a><\/p>\n<p><a href=\"http:\/\/astgmu.ru\/wp-content\/uploads\/2016\/05\/\u041f\u0440\u0430\u043a\u0442\u0438\u043a\u0430-\u043f\u043e\u043c\u043e\u0449\u043d\u0438\u043a-\u0432\u0440\u0430\u0447\u0430-\u0441\u0442\u043e\u043c\u0430\u0442\u043e\u043b\u043e\u0433\u0430\u0434\u0435\u0442\u0441\u043a\u043e\u0433\u043e-\u043c\u0435\u0442\u043e\u0434\u0438\u0447\u0435\u0441\u043a\u0438\u0435-\u0443\u043a\u0430\u0437\u0430\u043d\u0438\u044f-\u0434\u043b\u044f-\u0441\u0442\u0443\u0434\u0435\u043d\u0442\u043e\u0432-5-\u043a\u0443\u0440\u0441\u0430-9-\u0441\u0435\u043c\u0435\u0441\u0442\u04402016-2017-\u0443\u0447.\u0433.-1.docx\">\u041f\u0440\u0430\u043a\u0442\u0438\u043a\u0430-\u043f\u043e\u043c\u043e\u0449\u043d\u0438\u043a-\u0432\u0440\u0430\u0447\u0430-\u0441\u0442\u043e\u043c\u0430\u0442\u043e\u043b\u043e\u0433\u0430\u0434\u0435\u0442\u0441\u043a\u043e\u0433\u043e-\u043c\u0435\u0442\u043e\u0434\u0438\u0447\u0435\u0441\u043a\u0438\u0435-\u0443\u043a\u0430\u0437\u0430\u043d\u0438\u044f-\u0434\u043b\u044f-\u0441\u0442\u0443\u0434\u0435\u043d\u0442\u043e\u0432-5-\u043a\u0443\u0440\u0441\u0430-9-\u0441\u0435\u043c\u0435\u0441\u0442\u04402016-2017-\u0443\u0447.\u0433.<\/a><\/p>\n<p><a href=\"http:\/\/astgmu.ru\/wp-content\/uploads\/2016\/05\/\u0432\u043e\u043f\u0440\u043e\u0441\u044b-\u043a-\u043f\u0435\u0440\u0435\u0432\u043e\u0434\u043d\u043e\u043c\u0443-\u044d\u043a\u0437\u0430\u043c\u0435\u043d\u0443-\u043f\u043e-\u0434\u0438\u0441\u0446\u0438\u043f\u043b\u0438\u043d\u0435-\u041e\u0440\u0442\u043e\u0434\u043e\u043d\u0442\u0438\u044f-\u0438-\u0434\u0435\u0442\u0441\u043a\u043e\u0435-\u043f\u0440\u043e\u0442\u0435\u0437\u0438\u0440\u043e\u0432\u0430\u043d\u0438\u0435-5-\u043a\u0443\u0440\u0441-9-\u0441\u0435\u043c\u0435\u0441\u0442\u04402016-2017-\u0443\u0447.\u0433.-1.doc\">voprosy-k-perevodnomu-ekzamenu-po-discipline-ortodontiya-i-detskoe-protezirovanie-5-kurs-9-semestr2016-2017-uch-g<\/a><\/p>\n<p><a href=\"http:\/\/astgmu.ru\/wp-content\/uploads\/2016\/05\/\u041c\u0435\u0442\u043e\u0434\u0438\u0447\u0435\u0441\u043a\u0438\u0435-\u0443\u043a\u0430\u0437\u0430\u043d\u0438\u044f-3-\u043a\u0443\u0440\u0441-6-\u0441\u0435\u043c\u0435\u0441\u0442\u0440-\u043f\u0440\u043e\u0438\u0437\u0432\u043e\u0434\u0441\u0442\u0432\u0435\u043d\u043d\u0430\u044f-\u043f\u0440\u0430\u043a\u0442\u0438\u043a\u0430-2016-2017.pdf\">\u041c\u0435\u0442\u043e\u0434\u0438\u0447\u0435\u0441\u043a\u0438\u0435 \u0443\u043a\u0430\u0437\u0430\u043d\u0438\u044f 3 \u043a\u0443\u0440\u0441, 6 \u0441\u0435\u043c\u0435\u0441\u0442\u0440 \u043f\u0440\u043e\u0438\u0437\u0432\u043e\u0434\u0441\u0442\u0432\u0435\u043d\u043d\u0430\u044f \u043f\u0440\u0430\u043a\u0442\u0438\u043a\u0430 2016-2017<\/a>\u00a0\u0443\u0447.\u0433\u0433.<\/p>\n<p>\u041c<a href=\"http:\/\/astgmu.ru\/wp-content\/uploads\/2016\/05\/\u043c\u0435\u0442\u043e\u0434\u0438\u0447\u0435\u0441\u043a\u0438\u0435-\u0443\u043a\u0430\u0437\u0430\u043d\u0438\u044f-4-\u043a\u0443\u0440\u04418-\u0441\u0435\u043c\u0435\u0441\u0442\u0440-\u043f\u0440\u043e\u0438\u0437\u0432\u043e\u0434\u0441\u0442\u0432\u0435\u043d\u043d\u0430\u044f-\u043f\u0440\u0430\u043a\u0442\u0438\u043a\u0430-2016-2017.pdf\">\u0435\u0442\u043e\u0434\u0438\u0447\u0435\u0441\u043a\u0438\u0435 \u0443\u043a\u0430\u0437\u0430\u043d\u0438\u044f 4 \u043a\u0443\u0440\u0441,8 \u0441\u0435\u043c\u0435\u0441\u0442\u0440 \u043f\u0440\u043e\u0438\u0437\u0432\u043e\u0434\u0441\u0442\u0432\u0435\u043d\u043d\u0430\u044f \u043f\u0440\u0430\u043a\u0442\u0438\u043a\u0430 2016-2017<\/a>\u00a0\u0443\u0447.\u0433\u0433.[\/vc_column_text][\/vc_column][\/vc_row][vc_row][vc_column][\/vc_column][\/vc_row]<\/p>\n","protected":false},"excerpt":{"rendered":"<p>[vc_row][vc_column][vc_separator][vc_column_text]\u0420\u0430\u0441\u043f\u0438\u0441\u0430\u043d\u0438\u0435 \u043f\u0440\u043e\u043c\u0435\u0436\u0443\u0442\u043e\u0447\u043d\u043e\u0439 \u0430\u0442\u0442\u0435\u0441\u0442\u0430\u0446\u0438\u0438 \u0432 \u0432\u0438\u0434\u0435 \u0437\u0430\u0447\u0435\u0442\u0430 \u043d\u0430 \u043a\u0430\u0444\u0435\u0434\u0440\u0435 \u0442\u0435\u0440\u0430\u043f\u0435\u0432\u0442\u0438\u0447\u0435\u0441\u043a\u043e\u0439 \u0441\u0442\u043e\u043c\u0430\u0442\u043e\u043b\u043e\u0433\u0438\u0438 \u0434\u043b\u044f \u0441\u0442\u0443\u0434\u0435\u043d\u0442\u043e\u0432 4 \u043a\u0443\u0440\u0441\u0430 \u0441\u0442\u043e\u043c\u0430\u0442\u043e\u043b\u043e\u0433\u0438\u0447\u0435\u0441\u043a\u043e\u0433\u043e \u0444\u0430\u043a\u0443\u043b\u044c\u0442\u0435\u0442\u0430 (\u0424\u0418\u0421) \u043d\u0430 2016-2017 \u0443\u0447\u0435\u0431\u043d\u044b\u0439 \u0433\u043e\u0434 \u0420\u0430\u0441\u043f\u0438\u0441\u0430\u043d\u0438\u0435 \u043f\u0440\u043e\u043c\u0435\u0436\u0443\u0442\u043e\u0447\u043d\u043e\u0439 \u0430\u0442\u0442\u0435\u0441\u0442\u0430\u0446\u0438\u0438 \u0432 \u0432\u0438\u0434\u0435 \u0437\u0430\u0447\u0435\u0442\u0430 \u043d\u0430 \u043a\u0430\u0444\u0435\u0434\u0440\u0435 \u0442\u0435\u0440\u0430\u043f\u0435\u0432\u0442\u0438\u0447\u0435\u0441\u043a\u043e\u0439 [&hellip;]<\/p>\n","protected":false},"author":74,"featured_media":0,"parent":5219,"menu_order":0,"comment_status":"closed","ping_status":"closed","template":"page-templates\/kaf-pafe.php","meta":{"footnotes":""},"translation":{"provider":"WPGlobus","version":"2.8.11","language":"en","enabled_languages":["ru","en","fr"],"languages":{"ru":{"title":true,"content":true,"excerpt":false},"en":{"title":false,"content":false,"excerpt":false},"fr":{"title":false,"content":false,"excerpt":false}}},"acf":[],"rttpg_featured_image_url":null,"rttpg_author":{"display_name":"kaf49","author_link":"https:\/\/astgmu.ru\/en\/author\/kaf49\/"},"rttpg_comment":0,"rttpg_category":null,"rttpg_excerpt":"[vc_row][vc_column][vc_separator][vc_column_text]\u0420\u0430\u0441\u043f\u0438\u0441\u0430\u043d\u0438\u0435 \u043f\u0440\u043e\u043c\u0435\u0436\u0443\u0442\u043e\u0447\u043d\u043e\u0439 \u0430\u0442\u0442\u0435\u0441\u0442\u0430\u0446\u0438\u0438 \u0432 \u0432\u0438\u0434\u0435 \u0437\u0430\u0447\u0435\u0442\u0430 \u043d\u0430 \u043a\u0430\u0444\u0435\u0434\u0440\u0435 \u0442\u0435\u0440\u0430\u043f\u0435\u0432\u0442\u0438\u0447\u0435\u0441\u043a\u043e\u0439 \u0441\u0442\u043e\u043c\u0430\u0442\u043e\u043b\u043e\u0433\u0438\u0438 \u0434\u043b\u044f \u0441\u0442\u0443\u0434\u0435\u043d\u0442\u043e\u0432 4 \u043a\u0443\u0440\u0441\u0430 \u0441\u0442\u043e\u043c\u0430\u0442\u043e\u043b\u043e\u0433\u0438\u0447\u0435\u0441\u043a\u043e\u0433\u043e \u0444\u0430\u043a\u0443\u043b\u044c\u0442\u0435\u0442\u0430 (\u0424\u0418\u0421) \u043d\u0430 2016-2017 \u0443\u0447\u0435\u0431\u043d\u044b\u0439 \u0433\u043e\u0434 \u0420\u0430\u0441\u043f\u0438\u0441\u0430\u043d\u0438\u0435 \u043f\u0440\u043e\u043c\u0435\u0436\u0443\u0442\u043e\u0447\u043d\u043e\u0439 \u0430\u0442\u0442\u0435\u0441\u0442\u0430\u0446\u0438\u0438 \u0432 \u0432\u0438\u0434\u0435 \u0437\u0430\u0447\u0435\u0442\u0430 \u043d\u0430 \u043a\u0430\u0444\u0435\u0434\u0440\u0435 \u0442\u0435\u0440\u0430\u043f\u0435\u0432\u0442\u0438\u0447\u0435\u0441\u043a\u043e\u0439 [&hellip;]","_links":{"self":[{"href":"https:\/\/astgmu.ru\/en\/wp-json\/wp\/v2\/pages\/5223"}],"collection":[{"href":"https:\/\/astgmu.ru\/en\/wp-json\/wp\/v2\/pages"}],"about":[{"href":"https:\/\/astgmu.ru\/en\/wp-json\/wp\/v2\/types\/page"}],"author":[{"embeddable":true,"href":"https:\/\/astgmu.ru\/en\/wp-json\/wp\/v2\/users\/74"}],"replies":[{"embeddable":true,"href":"https:\/\/astgmu.ru\/en\/wp-json\/wp\/v2\/comments?post=5223"}],"version-history":[{"count":24,"href":"https:\/\/astgmu.ru\/en\/wp-json\/wp\/v2\/pages\/5223\/revisions"}],"predecessor-version":[{"id":59753,"href":"https:\/\/astgmu.ru\/en\/wp-json\/wp\/v2\/pages\/5223\/revisions\/59753"}],"up":[{"embeddable":true,"href":"https:\/\/astgmu.ru\/en\/wp-json\/wp\/v2\/pages\/5219"}],"wp:attachment":[{"href":"https:\/\/astgmu.ru\/en\/wp-json\/wp\/v2\/media?parent=5223"}],"curies":[{"name":"wp","href":"https:\/\/api.w.org\/{rel}","templated":true}]}}