{"id":82894,"date":"2021-04-09T16:59:25","date_gmt":"2021-04-09T12:59:25","guid":{"rendered":"http:\/\/astgmu.ru\/?page_id=82894"},"modified":"2022-07-06T15:29:38","modified_gmt":"2022-07-06T11:29:38","slug":"kak-inostrannym-studentam-vehat-v-rossiyu-how-can-international-students-enter-russia","status":"publish","type":"page","link":"https:\/\/astgmu.ru\/en\/upravlenie-po-pechati-mezhdunarodnym-i-obshhestvennym-svyazyam\/kak-inostrannym-studentam-vehat-v-rossiyu-how-can-international-students-enter-russia\/","title":{"rendered":"\u041a\u0430\u043a \u0438\u043d\u043e\u0441\u0442\u0440\u0430\u043d\u043d\u044b\u043c \u0441\u0442\u0443\u0434\u0435\u043d\u0442\u0430\u043c \u0432\u044a\u0435\u0445\u0430\u0442\u044c \u0432 \u0420\u043e\u0441\u0441\u0438\u044e? How can international students enter Russia? Comment les \u00e9tudiants internationaux peuvent-ils entrer en Russie? \\ \u041f\u0420\u0410\u0412\u0418\u041b\u0410 \u0414\u041b\u042f \u0418\u041d\u041e\u0421\u0422\u0420\u0410\u041d\u041d\u042b\u0425 \u041e\u0411\u0423\u0427\u0410\u042e\u0429\u0418\u0425\u0421\u042f, \u041f\u0420\u0418\u0411\u042b\u0412\u0428\u0418\u0425 \u041d\u0410 \u0422\u0415\u0420\u0420\u0418\u0422\u041e\u0420\u0418\u042e \u0420\u0424 \u0414\u041b\u042f \u041f\u041e\u041b\u0423\u0427\u0415\u041d\u0418\u042f \u041e\u0411\u0420\u0410\u0417\u041e\u0412\u0410\u041d\u0418\u042f \u0412 \u0410\u0421\u0422\u0420\u0410\u0425\u0410\u041d\u0421\u041a\u041e\u041c \u0413\u041c\u0423. RULES FOR INTERNATIONAL STUDENTS WHO HAVE ARRIVED IN THE RUSSIAN FEDERATION FOR STUDY PURPOSES AT  THE ASTRAKHAN STATE MEDICAL UNIVERSITY OF THE MINISTRY OF HEALTH OF RUSSIA. R\u00c8GLES POUR LES \u00c9TUDIANTS \u00c9TRANGERS ARRIV\u00c9S SUR LE TERRITOIRE DE LA F\u00c9D\u00c9RATION DE RUSSIE POUR \u00c9TUDIER A \u00c9TABLISSEMENT FEDERAL BUDGETAIRE D&#8217;ETAT D&#8217;ENSEIGNEMENT SUPERIEUR UNIVERSIT\u00c9 D\u2019\u00c9TAT DE MEDECINE D\u2019ASTRAKHAN"},"content":{"rendered":"<p><strong><span style=\"font-size: 14pt;\">English<\/span><\/strong><\/p>\n\n\t\t<style type=\"text\/css\">\n\t\t\t#gallery-1 {\n\t\t\t\tmargin: auto;\n\t\t\t}\n\t\t\t#gallery-1 .gallery-item {\n\t\t\t\tfloat: left;\n\t\t\t\tmargin-top: 10px;\n\t\t\t\ttext-align: center;\n\t\t\t\twidth: 16%;\n\t\t\t}\n\t\t\t#gallery-1 img {\n\t\t\t\tborder: 2px solid #cfcfcf;\n\t\t\t}\n\t\t\t#gallery-1 .gallery-caption {\n\t\t\t\tmargin-left: 0;\n\t\t\t}\n\t\t\t\/* see gallery_shortcode() in wp-includes\/media.php *\/\n\t\t<\/style>\n\t\t<div id='gallery-1' class='gallery galleryid-82894 gallery-columns-6 gallery-size-medium'><dl class='gallery-item'>\n\t\t\t<dt class='gallery-icon landscape'>\n\t\t\t\t<a href='https:\/\/astgmu.ru\/wp-content\/uploads\/2021\/04\/1-3.jpg'><img loading=\"lazy\" decoding=\"async\" width=\"300\" height=\"300\" src=\"https:\/\/astgmu.ru\/wp-content\/uploads\/2021\/04\/1-3-300x300.jpg\" class=\"attachment-medium size-medium\" alt=\"\" \/><\/a>\n\t\t\t<\/dt><\/dl><dl class='gallery-item'>\n\t\t\t<dt class='gallery-icon landscape'>\n\t\t\t\t<a href='https:\/\/astgmu.ru\/wp-content\/uploads\/2021\/04\/2-3.jpg'><img loading=\"lazy\" decoding=\"async\" width=\"300\" height=\"300\" src=\"https:\/\/astgmu.ru\/wp-content\/uploads\/2021\/04\/2-3-300x300.jpg\" class=\"attachment-medium size-medium\" alt=\"\" \/><\/a>\n\t\t\t<\/dt><\/dl><dl class='gallery-item'>\n\t\t\t<dt class='gallery-icon landscape'>\n\t\t\t\t<a href='https:\/\/astgmu.ru\/wp-content\/uploads\/2021\/04\/3-3.jpg'><img loading=\"lazy\" decoding=\"async\" width=\"300\" height=\"300\" src=\"https:\/\/astgmu.ru\/wp-content\/uploads\/2021\/04\/3-3-300x300.jpg\" class=\"attachment-medium size-medium\" alt=\"\" \/><\/a>\n\t\t\t<\/dt><\/dl><dl class='gallery-item'>\n\t\t\t<dt class='gallery-icon landscape'>\n\t\t\t\t<a href='https:\/\/astgmu.ru\/wp-content\/uploads\/2021\/04\/4-1.jpg'><img loading=\"lazy\" decoding=\"async\" width=\"300\" height=\"300\" src=\"https:\/\/astgmu.ru\/wp-content\/uploads\/2021\/04\/4-1-300x300.jpg\" class=\"attachment-medium size-medium\" alt=\"\" \/><\/a>\n\t\t\t<\/dt><\/dl><dl class='gallery-item'>\n\t\t\t<dt class='gallery-icon landscape'>\n\t\t\t\t<a href='https:\/\/astgmu.ru\/wp-content\/uploads\/2021\/04\/5-2.jpg'><img loading=\"lazy\" decoding=\"async\" width=\"300\" height=\"300\" src=\"https:\/\/astgmu.ru\/wp-content\/uploads\/2021\/04\/5-2-300x300.jpg\" class=\"attachment-medium size-medium\" alt=\"\" \/><\/a>\n\t\t\t<\/dt><\/dl><dl class='gallery-item'>\n\t\t\t<dt class='gallery-icon landscape'>\n\t\t\t\t<a href='https:\/\/astgmu.ru\/wp-content\/uploads\/2021\/04\/6.jpg'><img loading=\"lazy\" decoding=\"async\" width=\"300\" height=\"300\" src=\"https:\/\/astgmu.ru\/wp-content\/uploads\/2021\/04\/6-300x300.jpg\" class=\"attachment-medium size-medium\" alt=\"\" \/><\/a>\n\t\t\t<\/dt><\/dl><br style=\"clear: both\" \/>\n\t\t<\/div>\n\n<pre class=\"tw-data-text tw-text-large XcVN5d tw-ta\" data-placeholder=\"\u041f\u0435\u0440\u0435\u0432\u043e\u0434\"><strong><span lang=\"fr\" style=\"font-size: 14pt;\">Fran\u00e7ais\r\n<\/span><\/strong><\/pre>\n\n\t\t<style type=\"text\/css\">\n\t\t\t#gallery-2 {\n\t\t\t\tmargin: auto;\n\t\t\t}\n\t\t\t#gallery-2 .gallery-item {\n\t\t\t\tfloat: left;\n\t\t\t\tmargin-top: 10px;\n\t\t\t\ttext-align: center;\n\t\t\t\twidth: 16%;\n\t\t\t}\n\t\t\t#gallery-2 img {\n\t\t\t\tborder: 2px solid #cfcfcf;\n\t\t\t}\n\t\t\t#gallery-2 .gallery-caption {\n\t\t\t\tmargin-left: 0;\n\t\t\t}\n\t\t\t\/* see gallery_shortcode() in wp-includes\/media.php *\/\n\t\t<\/style>\n\t\t<div id='gallery-2' class='gallery galleryid-82894 gallery-columns-6 gallery-size-medium'><dl class='gallery-item'>\n\t\t\t<dt class='gallery-icon landscape'>\n\t\t\t\t<a href='https:\/\/astgmu.ru\/wp-content\/uploads\/2021\/04\/1-4.jpg'><img loading=\"lazy\" decoding=\"async\" width=\"300\" height=\"300\" src=\"https:\/\/astgmu.ru\/wp-content\/uploads\/2021\/04\/1-4-300x300.jpg\" class=\"attachment-medium size-medium\" alt=\"\" \/><\/a>\n\t\t\t<\/dt><\/dl><dl class='gallery-item'>\n\t\t\t<dt class='gallery-icon landscape'>\n\t\t\t\t<a href='https:\/\/astgmu.ru\/wp-content\/uploads\/2021\/04\/2-4.jpg'><img loading=\"lazy\" decoding=\"async\" width=\"300\" height=\"300\" src=\"https:\/\/astgmu.ru\/wp-content\/uploads\/2021\/04\/2-4-300x300.jpg\" class=\"attachment-medium size-medium\" alt=\"\" \/><\/a>\n\t\t\t<\/dt><\/dl><dl class='gallery-item'>\n\t\t\t<dt class='gallery-icon landscape'>\n\t\t\t\t<a href='https:\/\/astgmu.ru\/wp-content\/uploads\/2021\/04\/3-4.jpg'><img loading=\"lazy\" decoding=\"async\" width=\"300\" height=\"300\" src=\"https:\/\/astgmu.ru\/wp-content\/uploads\/2021\/04\/3-4-300x300.jpg\" class=\"attachment-medium size-medium\" alt=\"\" \/><\/a>\n\t\t\t<\/dt><\/dl><dl class='gallery-item'>\n\t\t\t<dt class='gallery-icon landscape'>\n\t\t\t\t<a href='https:\/\/astgmu.ru\/wp-content\/uploads\/2021\/04\/4-2.jpg'><img loading=\"lazy\" decoding=\"async\" width=\"300\" height=\"300\" src=\"https:\/\/astgmu.ru\/wp-content\/uploads\/2021\/04\/4-2-300x300.jpg\" class=\"attachment-medium size-medium\" alt=\"\" \/><\/a>\n\t\t\t<\/dt><\/dl><dl class='gallery-item'>\n\t\t\t<dt class='gallery-icon landscape'>\n\t\t\t\t<a href='https:\/\/astgmu.ru\/wp-content\/uploads\/2021\/04\/5-3.jpg'><img loading=\"lazy\" decoding=\"async\" width=\"300\" height=\"300\" src=\"https:\/\/astgmu.ru\/wp-content\/uploads\/2021\/04\/5-3-300x300.jpg\" class=\"attachment-medium size-medium\" alt=\"\" \/><\/a>\n\t\t\t<\/dt><\/dl><dl class='gallery-item'>\n\t\t\t<dt class='gallery-icon landscape'>\n\t\t\t\t<a href='https:\/\/astgmu.ru\/wp-content\/uploads\/2021\/04\/6-1.jpg'><img loading=\"lazy\" decoding=\"async\" width=\"300\" height=\"300\" src=\"https:\/\/astgmu.ru\/wp-content\/uploads\/2021\/04\/6-1-300x300.jpg\" class=\"attachment-medium size-medium\" alt=\"\" \/><\/a>\n\t\t\t<\/dt><\/dl><br style=\"clear: both\" \/>\n\t\t<\/div>\n\n<p><strong><span style=\"font-size: 14pt;\">\u0420\u0443\u0441\u0441\u043a\u0438\u0439<\/span><\/strong><\/p>\n\n\t\t<style type=\"text\/css\">\n\t\t\t#gallery-3 {\n\t\t\t\tmargin: auto;\n\t\t\t}\n\t\t\t#gallery-3 .gallery-item {\n\t\t\t\tfloat: left;\n\t\t\t\tmargin-top: 10px;\n\t\t\t\ttext-align: center;\n\t\t\t\twidth: 16%;\n\t\t\t}\n\t\t\t#gallery-3 img {\n\t\t\t\tborder: 2px solid #cfcfcf;\n\t\t\t}\n\t\t\t#gallery-3 .gallery-caption {\n\t\t\t\tmargin-left: 0;\n\t\t\t}\n\t\t\t\/* see gallery_shortcode() in wp-includes\/media.php *\/\n\t\t<\/style>\n\t\t<div id='gallery-3' class='gallery galleryid-82894 gallery-columns-6 gallery-size-medium'><dl class='gallery-item'>\n\t\t\t<dt class='gallery-icon landscape'>\n\t\t\t\t<a href='https:\/\/astgmu.ru\/wp-content\/uploads\/2021\/04\/IMG-20210409-WA0020.jpg'><img loading=\"lazy\" decoding=\"async\" width=\"300\" height=\"300\" src=\"https:\/\/astgmu.ru\/wp-content\/uploads\/2021\/04\/IMG-20210409-WA0020-300x300.jpg\" class=\"attachment-medium size-medium\" alt=\"\" \/><\/a>\n\t\t\t<\/dt><\/dl><dl class='gallery-item'>\n\t\t\t<dt class='gallery-icon landscape'>\n\t\t\t\t<a href='https:\/\/astgmu.ru\/wp-content\/uploads\/2021\/04\/IMG-20210409-WA0021.jpg'><img loading=\"lazy\" decoding=\"async\" width=\"300\" height=\"300\" src=\"https:\/\/astgmu.ru\/wp-content\/uploads\/2021\/04\/IMG-20210409-WA0021-300x300.jpg\" class=\"attachment-medium size-medium\" alt=\"\" \/><\/a>\n\t\t\t<\/dt><\/dl><dl class='gallery-item'>\n\t\t\t<dt class='gallery-icon landscape'>\n\t\t\t\t<a href='https:\/\/astgmu.ru\/wp-content\/uploads\/2021\/04\/IMG-20210409-WA0022.jpg'><img loading=\"lazy\" decoding=\"async\" width=\"300\" height=\"300\" src=\"https:\/\/astgmu.ru\/wp-content\/uploads\/2021\/04\/IMG-20210409-WA0022-300x300.jpg\" class=\"attachment-medium size-medium\" alt=\"\" \/><\/a>\n\t\t\t<\/dt><\/dl><dl class='gallery-item'>\n\t\t\t<dt class='gallery-icon landscape'>\n\t\t\t\t<a href='https:\/\/astgmu.ru\/wp-content\/uploads\/2021\/04\/IMG-20210409-WA0023.jpg'><img loading=\"lazy\" decoding=\"async\" width=\"300\" height=\"300\" src=\"https:\/\/astgmu.ru\/wp-content\/uploads\/2021\/04\/IMG-20210409-WA0023-300x300.jpg\" class=\"attachment-medium size-medium\" alt=\"\" \/><\/a>\n\t\t\t<\/dt><\/dl><dl class='gallery-item'>\n\t\t\t<dt class='gallery-icon landscape'>\n\t\t\t\t<a href='https:\/\/astgmu.ru\/wp-content\/uploads\/2021\/04\/IMG-20210409-WA0024.jpg'><img loading=\"lazy\" decoding=\"async\" width=\"300\" height=\"300\" src=\"https:\/\/astgmu.ru\/wp-content\/uploads\/2021\/04\/IMG-20210409-WA0024-300x300.jpg\" class=\"attachment-medium size-medium\" alt=\"\" \/><\/a>\n\t\t\t<\/dt><\/dl><dl class='gallery-item'>\n\t\t\t<dt class='gallery-icon landscape'>\n\t\t\t\t<a href='https:\/\/astgmu.ru\/wp-content\/uploads\/2021\/04\/IMG-20210409-WA0025.jpg'><img loading=\"lazy\" decoding=\"async\" width=\"300\" height=\"300\" src=\"https:\/\/astgmu.ru\/wp-content\/uploads\/2021\/04\/IMG-20210409-WA0025-300x300.jpg\" class=\"attachment-medium size-medium\" alt=\"\" \/><\/a>\n\t\t\t<\/dt><\/dl><br style=\"clear: both\" \/>\n\t\t<\/div>\n\n<pre id=\"tw-target-text\" class=\"tw-data-text tw-text-large XcVN5d tw-ta\" data-placeholder=\"\u041f\u0435\u0440\u0435\u0432\u043e\u0434\"><strong><span lang=\"fr\" style=\"font-size: 14pt;\">\u00a0<\/span><\/strong><\/pre>\n<p><strong><a href=\"http:\/\/astgmu.ru\/wp-content\/uploads\/2022\/07\/Pamyatka-dekabr-2021.docx\">\u041f\u0420\u0410\u0412\u0418\u041b\u0410 \u0414\u041b\u042f \u0418\u041d\u041e\u0421\u0422\u0420\u0410\u041d\u041d\u042b\u0425 \u041e\u0411\u0423\u0427\u0410\u042e\u0429\u0418\u0425\u0421\u042f, \u041f\u0420\u0418\u0411\u042b\u0412\u0428\u0418\u0425 \u041d\u0410 \u0422\u0415\u0420\u0420\u0418\u0422\u041e\u0420\u0418\u042e \u0420\u0424 \u0414\u041b\u042f \u041f\u041e\u041b\u0423\u0427\u0415\u041d\u0418\u042f \u041e\u0411\u0420\u0410\u0417\u041e\u0412\u0410\u041d\u0418\u042f \u0412 \u0410\u0421\u0422\u0420\u0410\u0425\u0410\u041d\u0421\u041a\u041e\u041c \u0413\u041c\u0423\u00a0<\/a> \u00a0 \u00a0 \u00a0<\/strong><\/p>\n<p><a href=\"http:\/\/astgmu.ru\/wp-content\/uploads\/2022\/07\/Pamyatka-2021-perevod-na-angl.docx\"><strong>RULES FOR INTERNATIONAL STUDENTS WHO HAVE ARRIVED IN THE RUSSIAN FEDERATION FOR STUDY PURPOSES AT THE ASTRAKHAN STATE MEDICAL UNIVERSITY OF THE MINISTRY OF HEALTH OF RUSSIA\u00a0<\/strong><\/a><\/p>\n<p><a href=\"http:\/\/astgmu.ru\/wp-content\/uploads\/2022\/07\/Pamyatka-dekabr-2021-fr.-docx.docx\"><strong>R\u00c8GLES POUR LES \u00c9TUDIANTS \u00c9TRANGERS ARRIV\u00c9S SUR LE TERRITOIRE DE LA F\u00c9D\u00c9RATION DE RUSSIE POUR \u00c9TUDIER A \u00c9TABLISSEMENT FEDERAL BUDGETAIRE D&#8217;ETAT D&#8217;ENSEIGNEMENT SUPERIEUR UNIVERSIT\u00c9 D\u2019\u00c9TAT DE MEDECINE D\u2019ASTRAKHAN\u00a0<\/strong><\/a><\/p>\n<p><strong><a href=\"http:\/\/astgmu.ru\/wp-content\/uploads\/2021\/12\/Meditsinskie-uchrezhdeniya-1.docx\"> \u041f\u0415\u0420\u0415\u0427\u0415\u041d\u042c \u041c\u0415\u0414\u0418\u0426\u0418\u041d\u0421\u041a\u0418\u0425 \u041e\u0420\u0413\u0410\u041d\u0418\u0417\u0410\u0426\u0418\u0419<\/a><\/strong><\/p>\n<p><a href=\"http:\/\/astgmu.ru\/wp-content\/uploads\/2022\/06\/ZAYAVLENIE-NA-VYEZD-2.docx\"><strong><span style=\"font-size: 14pt;\">\u0417\u0430\u044f\u0432\u043b\u0435\u043d\u0438\u0435 \u043d\u0430 \u0432\u044b\u0435\u0437\u0434\u00a0 Permission pour quitter la Russie\u00a0 \u00a0Permission for leaving Russia<\/span><\/strong><\/a><\/p>\n","protected":false},"excerpt":{"rendered":"<p>English Fran\u00e7ais \u0420\u0443\u0441\u0441\u043a\u0438\u0439 \u00a0 \u041f\u0420\u0410\u0412\u0418\u041b\u0410 \u0414\u041b\u042f \u0418\u041d\u041e\u0421\u0422\u0420\u0410\u041d\u041d\u042b\u0425 \u041e\u0411\u0423\u0427\u0410\u042e\u0429\u0418\u0425\u0421\u042f, \u041f\u0420\u0418\u0411\u042b\u0412\u0428\u0418\u0425 \u041d\u0410 \u0422\u0415\u0420\u0420\u0418\u0422\u041e\u0420\u0418\u042e \u0420\u0424 \u0414\u041b\u042f \u041f\u041e\u041b\u0423\u0427\u0415\u041d\u0418\u042f \u041e\u0411\u0420\u0410\u0417\u041e\u0412\u0410\u041d\u0418\u042f \u0412 \u0410\u0421\u0422\u0420\u0410\u0425\u0410\u041d\u0421\u041a\u041e\u041c \u0413\u041c\u0423\u00a0 \u00a0 \u00a0 \u00a0 RULES FOR INTERNATIONAL STUDENTS WHO HAVE ARRIVED IN THE [&hellip;]<\/p>\n","protected":false},"author":156,"featured_media":0,"parent":5521,"menu_order":0,"comment_status":"closed","ping_status":"closed","template":"page-templates\/kaf-pafe.php","meta":{"footnotes":""},"translation":{"provider":"WPGlobus","version":"2.8.11","language":"en","enabled_languages":["ru","en","fr"],"languages":{"ru":{"title":true,"content":true,"excerpt":false},"en":{"title":false,"content":false,"excerpt":false},"fr":{"title":false,"content":false,"excerpt":false}}},"acf":[],"rttpg_featured_image_url":null,"rttpg_author":{"display_name":"\u0410\u043d\u043d\u0430 \u0418\u0432\u0430\u043d\u043e\u0432\u043d\u0430","author_link":"https:\/\/astgmu.ru\/en\/author\/anna\/"},"rttpg_comment":0,"rttpg_category":null,"rttpg_excerpt":"English Fran\u00e7ais \u0420\u0443\u0441\u0441\u043a\u0438\u0439 \u00a0 \u041f\u0420\u0410\u0412\u0418\u041b\u0410 \u0414\u041b\u042f \u0418\u041d\u041e\u0421\u0422\u0420\u0410\u041d\u041d\u042b\u0425 \u041e\u0411\u0423\u0427\u0410\u042e\u0429\u0418\u0425\u0421\u042f, \u041f\u0420\u0418\u0411\u042b\u0412\u0428\u0418\u0425 \u041d\u0410 \u0422\u0415\u0420\u0420\u0418\u0422\u041e\u0420\u0418\u042e \u0420\u0424 \u0414\u041b\u042f \u041f\u041e\u041b\u0423\u0427\u0415\u041d\u0418\u042f \u041e\u0411\u0420\u0410\u0417\u041e\u0412\u0410\u041d\u0418\u042f \u0412 \u0410\u0421\u0422\u0420\u0410\u0425\u0410\u041d\u0421\u041a\u041e\u041c \u0413\u041c\u0423\u00a0 \u00a0 \u00a0 \u00a0 RULES FOR INTERNATIONAL STUDENTS WHO HAVE ARRIVED IN THE [&hellip;]","_links":{"self":[{"href":"https:\/\/astgmu.ru\/en\/wp-json\/wp\/v2\/pages\/82894"}],"collection":[{"href":"https:\/\/astgmu.ru\/en\/wp-json\/wp\/v2\/pages"}],"about":[{"href":"https:\/\/astgmu.ru\/en\/wp-json\/wp\/v2\/types\/page"}],"author":[{"embeddable":true,"href":"https:\/\/astgmu.ru\/en\/wp-json\/wp\/v2\/users\/156"}],"replies":[{"embeddable":true,"href":"https:\/\/astgmu.ru\/en\/wp-json\/wp\/v2\/comments?post=82894"}],"version-history":[{"count":10,"href":"https:\/\/astgmu.ru\/en\/wp-json\/wp\/v2\/pages\/82894\/revisions"}],"predecessor-version":[{"id":97346,"href":"https:\/\/astgmu.ru\/en\/wp-json\/wp\/v2\/pages\/82894\/revisions\/97346"}],"up":[{"embeddable":true,"href":"https:\/\/astgmu.ru\/en\/wp-json\/wp\/v2\/pages\/5521"}],"wp:attachment":[{"href":"https:\/\/astgmu.ru\/en\/wp-json\/wp\/v2\/media?parent=82894"}],"curies":[{"name":"wp","href":"https:\/\/api.w.org\/{rel}","templated":true}]}}