{"id":5263,"date":"2016-05-31T09:43:57","date_gmt":"2016-05-31T06:43:57","guid":{"rendered":"http:\/\/astgmu.ru\/kafedra-fakultetskoj-terapii-i-professionalnyx-boleznej-s-kursom-poslediplomnogo-obrazovaniya\/uchebnaya-rabota\/"},"modified":"2022-05-04T15:21:46","modified_gmt":"2022-05-04T11:21:46","slug":"uchebnaya-rabota","status":"publish","type":"page","link":"https:\/\/astgmu.ru\/fr\/kafedra-fakultetskoj-terapii-i-professionalnyx-boleznej-s-kursom-poslediplomnogo-obrazovaniya\/uchebnaya-rabota\/","title":{"rendered":"\u0423\u0447\u0435\u0431\u043d\u0430\u044f \u0440\u0430\u0431\u043e\u0442\u0430"},"content":{"rendered":"<p>[vc_row][vc_column][vc_column_text]<\/p>\n<p>[\/vc_column_text][\/vc_column][\/vc_row][vc_row][vc_column][vc_separator][vc_column_text]<\/p>\n<p><a href=\"http:\/\/astgmu.ru\/wp-content\/uploads\/2022\/05\/Ekzam-vopr-fran-4-kurs-2022.doc\">\u042d\u043a\u0437\u0430\u043c. \u0432\u043e\u043f\u0440\u043e\u0441\u044b \u043f\u043e \u0444\u0430\u043a\u0443\u043b\u044c\u0442. \u0442\u0435\u0440\u0430\u043f\u0438\u0438 \u0438 \u043f\u0440\u043e\u0444. \u0431\u043e\u043b\u0435\u0437\u043d\u044f\u043c. 4 \u043a\u0443\u0440\u0441 (\u0444\u0440\u0430\u043d\u043a\u043e\u0433\u043e\u0432\u043e\u0440\u044f\u0449\u0438\u0435 \u0441\u0442\u0443\u0434\u0435\u043d\u0442\u044b) QUESTIONS D&#8217;EXAMEN DE TH\u00c9RAPIE ET DES MALADIES PROFESSIONNELLES POUR LES \u00c9TUDIANTS DE LA 4 EME ANN\u00c9E M\u00c9DECINE G\u00c9N\u00c9RALE<\/a><\/p>\n<p><a href=\"http:\/\/astgmu.ru\/wp-content\/uploads\/2022\/05\/Ekzam-vopr-fakult-terap-i-prof.-b-ni-2022.-4k.-lech..docx\">\u042d\u043a\u0437\u0430\u043c. \u0432\u043e\u043f\u0440\u043e\u0441\u044b \u043f\u043e \u0444\u0430\u043a\u0443\u043b\u044c\u0442. \u0442\u0435\u0440\u0430\u043f\u0438\u0438 \u0438 \u043f\u0440\u043e\u0444. \u0431\u043e\u043b\u0435\u0437\u043d\u044f\u043c. 4 \u043a\u0443\u0440\u0441, \u043b\u0435\u0447.<\/a><\/p>\n<p><a href=\"http:\/\/astgmu.ru\/wp-content\/uploads\/2022\/05\/Ekzam-vopros-angl-4-kurs-2022.doc\">Examination questions in Faculty Therapy and Occupational Diseases for the 4th-year students of THE General Medicine Faculty<\/a><\/p>\n<p><a href=\"http:\/\/astgmu.ru\/wp-content\/uploads\/2016\/04\/perechen_prac_navykov.doc\">\u041f\u0435\u0440\u0435\u0447\u0435\u043d\u044c \u0437\u043d\u0430\u043d\u0438\u0439, \u043f\u0440\u0430\u043a\u0442\u0438\u0447\u0435\u0441\u043a\u0438\u0445 \u0443\u043c\u0435\u043d\u0438\u0439 \u0438 \u043d\u0430\u0432\u044b\u043a\u043e\u0432, \u043f\u0440\u0438\u043e\u0431\u0440\u0435\u0442\u0430\u0435\u043c\u044b\u0445 \u0441\u0442\u0443\u0434\u0435\u043d\u0442\u0430\u043c\u0438 \u043d\u0430 \u043a\u0430\u0444\u0435\u0434\u0440\u0435 \u0444\u0430\u043a\u0443\u043b\u044c\u0442\u0435\u0442\u0441\u043a\u043e\u0439 \u0442\u0435\u0440\u0430\u043f\u0438\u0438<\/a><\/p>\n<p>[\/vc_column_text][\/vc_column][\/vc_row]<\/p>\n","protected":false},"excerpt":{"rendered":"<p>[vc_row][vc_column][vc_column_text] [\/vc_column_text][\/vc_column][\/vc_row][vc_row][vc_column][vc_separator][vc_column_text] \u042d\u043a\u0437\u0430\u043c. \u0432\u043e\u043f\u0440\u043e\u0441\u044b \u043f\u043e \u0444\u0430\u043a\u0443\u043b\u044c\u0442. \u0442\u0435\u0440\u0430\u043f\u0438\u0438 \u0438 \u043f\u0440\u043e\u0444. \u0431\u043e\u043b\u0435\u0437\u043d\u044f\u043c. 4 \u043a\u0443\u0440\u0441 (\u0444\u0440\u0430\u043d\u043a\u043e\u0433\u043e\u0432\u043e\u0440\u044f\u0449\u0438\u0435 \u0441\u0442\u0443\u0434\u0435\u043d\u0442\u044b) QUESTIONS D&#8217;EXAMEN DE TH\u00c9RAPIE ET DES MALADIES PROFESSIONNELLES POUR LES \u00c9TUDIANTS DE LA 4 EME ANN\u00c9E [&hellip;]<\/p>\n","protected":false},"author":79,"featured_media":0,"parent":5259,"menu_order":0,"comment_status":"closed","ping_status":"closed","template":"page-templates\/kaf-pafe.php","meta":{"footnotes":""},"translation":{"provider":"WPGlobus","version":"2.8.11","language":"fr","enabled_languages":["ru","en","fr"],"languages":{"ru":{"title":true,"content":true,"excerpt":false},"en":{"title":false,"content":false,"excerpt":false},"fr":{"title":false,"content":false,"excerpt":false}}},"acf":[],"rttpg_featured_image_url":null,"rttpg_author":{"display_name":"kaf54","author_link":"https:\/\/astgmu.ru\/fr\/author\/kaf54\/"},"rttpg_comment":0,"rttpg_category":null,"rttpg_excerpt":"[vc_row][vc_column][vc_column_text] [\/vc_column_text][\/vc_column][\/vc_row][vc_row][vc_column][vc_separator][vc_column_text] \u042d\u043a\u0437\u0430\u043c. \u0432\u043e\u043f\u0440\u043e\u0441\u044b \u043f\u043e \u0444\u0430\u043a\u0443\u043b\u044c\u0442. \u0442\u0435\u0440\u0430\u043f\u0438\u0438 \u0438 \u043f\u0440\u043e\u0444. \u0431\u043e\u043b\u0435\u0437\u043d\u044f\u043c. 4 \u043a\u0443\u0440\u0441 (\u0444\u0440\u0430\u043d\u043a\u043e\u0433\u043e\u0432\u043e\u0440\u044f\u0449\u0438\u0435 \u0441\u0442\u0443\u0434\u0435\u043d\u0442\u044b) QUESTIONS D&#8217;EXAMEN DE TH\u00c9RAPIE ET DES MALADIES PROFESSIONNELLES POUR LES \u00c9TUDIANTS DE LA 4 EME ANN\u00c9E [&hellip;]","_links":{"self":[{"href":"https:\/\/astgmu.ru\/fr\/wp-json\/wp\/v2\/pages\/5263"}],"collection":[{"href":"https:\/\/astgmu.ru\/fr\/wp-json\/wp\/v2\/pages"}],"about":[{"href":"https:\/\/astgmu.ru\/fr\/wp-json\/wp\/v2\/types\/page"}],"author":[{"embeddable":true,"href":"https:\/\/astgmu.ru\/fr\/wp-json\/wp\/v2\/users\/79"}],"replies":[{"embeddable":true,"href":"https:\/\/astgmu.ru\/fr\/wp-json\/wp\/v2\/comments?post=5263"}],"version-history":[{"count":42,"href":"https:\/\/astgmu.ru\/fr\/wp-json\/wp\/v2\/pages\/5263\/revisions"}],"predecessor-version":[{"id":103736,"href":"https:\/\/astgmu.ru\/fr\/wp-json\/wp\/v2\/pages\/5263\/revisions\/103736"}],"up":[{"embeddable":true,"href":"https:\/\/astgmu.ru\/fr\/wp-json\/wp\/v2\/pages\/5259"}],"wp:attachment":[{"href":"https:\/\/astgmu.ru\/fr\/wp-json\/wp\/v2\/media?parent=5263"}],"curies":[{"name":"wp","href":"https:\/\/api.w.org\/{rel}","templated":true}]}}