{"id":5414,"date":"2016-05-31T10:06:38","date_gmt":"2016-05-31T07:06:38","guid":{"rendered":"http:\/\/astgmu.ru\/fakultet-inostrannyx-studentov\/obshhaya-informaciya\/"},"modified":"2026-03-10T13:22:21","modified_gmt":"2026-03-10T09:22:21","slug":"obshhaya-informaciya","status":"publish","type":"page","link":"https:\/\/astgmu.ru\/fr\/fakultet-inostrannyx-studentov\/obshhaya-informaciya\/","title":{"rendered":"\u041e\u0431\u0449\u0430\u044f \u0438\u043d\u0444\u043e\u0440\u043c\u0430\u0446\u0438\u044f"},"content":{"rendered":"<p>[vc_row][vc_column width=&#8221;1\/2&#8243;][vc_btn title=&#8221;The Faculty of Foreign Students&#8221; color=&#8221;warning&#8221; size=&#8221;lg&#8221; align=&#8221;center&#8221; css_animation=&#8221;fadeIn&#8221; link=&#8221;url:http%3A%2F%2Fastgmu.ru%2Fwp-content%2Fuploads%2F2024%2F11%2FThe-Faculty-of-Foreign-Students.pdf|||&#8221;][\/vc_column][vc_column width=&#8221;1\/2&#8243;][vc_btn title=&#8221;La Facult\u00e9 des \u00e9tudiants \u00e9trangers&#8221; color=&#8221;warning&#8221; size=&#8221;lg&#8221; align=&#8221;center&#8221; css_animation=&#8221;fadeIn&#8221; link=&#8221;url:http%3A%2F%2Fastgmu.ru%2Fwp-content%2Fuploads%2F2024%2F11%2FLa-Faculte-des-etudiants-etrangers.pdf|||&#8221;][\/vc_column][\/vc_row][vc_row][vc_column][vc_column_text]<\/p>\n<p><span style=\"font-size: 14pt;\">\u0424\u0430\u043a\u0443\u043b\u044c\u0442\u0435\u0442 \u0438\u043d\u043e\u0441\u0442\u0440\u0430\u043d\u043d\u044b\u0445 \u0441\u0442\u0443\u0434\u0435\u043d\u0442\u043e\u0432 \u044f\u0432\u043b\u044f\u0435\u0442\u0441\u044f \u0441\u0442\u0440\u0443\u043a\u0442\u0443\u0440\u043d\u044b\u043c \u043f\u043e\u0434\u0440\u0430\u0437\u0434\u0435\u043b\u0435\u043d\u0438\u0435\u043c \u0424\u0413\u0411\u041e\u0423 \u0412\u041e \u0410\u0441\u0442\u0440\u0430\u0445\u0430\u043d\u0441\u043a\u0438\u0439 \u0413\u041c\u0423 \u041c\u0438\u043d\u0437\u0434\u0440\u0430\u0432\u0430 \u0420\u043e\u0441\u0441\u0438\u0438 (\u0434\u0430\u043b\u0435\u0435 \u0423\u043d\u0438\u0432\u0435\u0440\u0441\u0438\u0442\u0435\u0442, \u0410\u0441\u0442\u0440\u0430\u0445\u0430\u043d\u0441\u043a\u0438\u0439 \u0413\u041c\u0423) \u0438 \u043f\u043e\u0434\u0447\u0438\u043d\u044f\u0435\u0442\u0441\u044f \u043f\u0440\u043e\u0440\u0435\u043a\u0442\u043e\u0440\u0443 \u043f\u043e \u0443\u0447\u0435\u0431\u043d\u043e-\u0432\u043e\u0441\u043f\u0438\u0442\u0430\u0442\u0435\u043b\u044c\u043d\u043e\u0439 \u0440\u0430\u0431\u043e\u0442\u0435 \u0438 \u043f\u0440\u043e\u0440\u0435\u043a\u0442\u043e\u0440\u0443 \u043f\u043e \u0441\u0442\u0440\u0430\u0442\u0435\u0433\u0438\u0447\u0435\u0441\u043a\u043e\u043c\u0443 \u0440\u0430\u0437\u0432\u0438\u0442\u0438\u044e \u0438 \u043c\u0435\u0436\u0434\u0443\u043d\u0430\u0440\u043e\u0434\u043d\u043e\u0439 \u0434\u0435\u044f\u0442\u0435\u043b\u044c\u043d\u043e\u0441\u0442\u0438.<\/span><\/p>\n<p><span style=\"font-size: 14pt;\">\u0424\u0430\u043a\u0443\u043b\u044c\u0442\u0435\u0442 \u0438\u043d\u043e\u0441\u0442\u0440\u0430\u043d\u043d\u044b\u0445 \u0441\u0442\u0443\u0434\u0435\u043d\u0442\u043e\u0432 \u043e\u0441\u0443\u0449\u0435\u0441\u0442\u0432\u043b\u044f\u0435\u0442 \u0430\u0434\u043c\u0438\u043d\u0438\u0441\u0442\u0440\u0430\u0442\u0438\u0432\u043d\u0443\u044e, \u0443\u0447\u0435\u0431\u043d\u0443\u044e, \u043c\u0435\u0442\u043e\u0434\u0438\u0447\u0435\u0441\u043a\u0443\u044e \u0438 \u043d\u0430\u0443\u0447\u043d\u043e-\u0438\u0441\u0441\u043b\u0435\u0434\u043e\u0432\u0430\u0442\u0435\u043b\u044c\u0441\u043a\u0443\u044e \u0440\u0430\u0431\u043e\u0442\u0443 \u0432 \u0440\u0430\u043c\u043a\u0430\u0445 \u043f\u043e\u0434\u0433\u043e\u0442\u043e\u0432\u043a\u0438 \u043e\u0431\u0443\u0447\u0430\u044e\u0449\u0438\u0445\u0441\u044f \u0438\u0437 \u0441\u0442\u0440\u0430\u043d \u0434\u0430\u043b\u044c\u043d\u0435\u0433\u043e \u0437\u0430\u0440\u0443\u0431\u0435\u0436\u044c\u044f.<\/span><\/p>\n<p><span style=\"font-size: 14pt;\">\u0426\u0435\u043b\u044f\u043c\u0438 \u0434\u0435\u044f\u0442\u0435\u043b\u044c\u043d\u043e\u0441\u0442\u0438 \u0444\u0430\u043a\u0443\u043b\u044c\u0442\u0435\u0442\u0430 \u044f\u0432\u043b\u044f\u044e\u0442\u0441\u044f:<\/span><\/p>\n<p><span style=\"font-size: 14pt;\">-\u0440\u0435\u0430\u043b\u0438\u0437\u0430\u0446\u0438\u044f \u043f\u0440\u0430\u0432\u0430 \u0433\u0440\u0430\u0436\u0434\u0430\u043d \u043d\u0430 \u043e\u0431\u0440\u0430\u0437\u043e\u0432\u0430\u043d\u0438\u0435, \u043e\u0431\u0435\u0441\u043f\u0435\u0447\u0435\u043d\u0438\u0435 \u0433\u043e\u0441\u0443\u0434\u0430\u0440\u0441\u0442\u0432\u0435\u043d\u043d\u044b\u0445 \u0433\u0430\u0440\u0430\u043d\u0442\u0438\u0439 \u043f\u0440\u0430\u0432 \u0438 \u0441\u0432\u043e\u0431\u043e\u0434 \u0447\u0435\u043b\u043e\u0432\u0435\u043a\u0430 \u0432 \u0441\u0444\u0435\u0440\u0435 \u043e\u0431\u0440\u0430\u0437\u043e\u0432\u0430\u043d\u0438\u044f;<\/span><\/p>\n<p><span style=\"font-size: 14pt;\">-\u043f\u043e\u0432\u044b\u0448\u0435\u043d\u0438\u0435 \u043d\u0430\u0443\u0447\u043d\u043e\u0433\u043e, \u043e\u0431\u0440\u0430\u0437\u043e\u0432\u0430\u0442\u0435\u043b\u044c\u043d\u043e\u0433\u043e, \u043a\u0443\u043b\u044c\u0442\u0443\u0440\u043d\u043e\u0433\u043e \u0443\u0440\u043e\u0432\u043d\u044f \u0423\u043d\u0438\u0432\u0435\u0440\u0441\u0438\u0442\u0435\u0442\u0430;<\/span><\/p>\n<p><span style=\"font-size: 14pt;\">-\u043e\u0431\u0435\u0441\u043f\u0435\u0447\u0435\u043d\u0438\u0435 \u043a\u043e\u043d\u043a\u0443\u0440\u0435\u043d\u0442\u043e\u0441\u043f\u043e\u0441\u043e\u0431\u043d\u043e\u0441\u0442\u0438 \u0423\u043d\u0438\u0432\u0435\u0440\u0441\u0438\u0442\u0435\u0442\u0430 \u043d\u0430 \u0440\u044b\u043d\u043a\u0435 \u043e\u0431\u0440\u0430\u0437\u043e\u0432\u0430\u0442\u0435\u043b\u044c\u043d\u044b\u0445 \u0443\u0441\u043b\u0443\u0433, \u0432 \u0442\u043e\u043c \u0447\u0438\u0441\u043b\u0435 \u043c\u0435\u0436\u0434\u0443\u043d\u0430\u0440\u043e\u0434\u043d\u043e\u043c, \u043f\u043e \u043a\u0443\u0440\u0438\u0440\u0443\u0435\u043c\u044b\u043c \u043d\u0430\u043f\u0440\u0430\u0432\u043b\u0435\u043d\u0438\u044f\u043c \u0434\u0435\u044f\u0442\u0435\u043b\u044c\u043d\u043e\u0441\u0442\u0438.<\/span><\/p>\n<p><span style=\"font-size: 14pt;\">\u0417\u0430\u0434\u0430\u0447\u0438 \u0444\u0430\u043a\u0443\u043b\u044c\u0442\u0435\u0442\u0430:<\/span><\/p>\n<p><span style=\"font-size: 14pt;\">&#8211; \u0441\u043e\u0432\u0435\u0440\u0448\u0435\u043d\u0441\u0442\u0432\u043e\u0432\u0430\u043d\u0438\u0435 \u0443\u0447\u0435\u0431\u043d\u043e\u0433\u043e \u0438 \u043d\u0430\u0443\u0447\u043d\u043e\u0433\u043e \u043f\u0440\u043e\u0446\u0435\u0441\u0441\u0430;<\/span><\/p>\n<p><span style=\"font-size: 14pt;\">&#8211; \u043e\u0431\u0435\u0441\u043f\u0435\u0447\u0435\u043d\u0438\u0435 \u0432\u044b\u0441\u043e\u043a\u043e\u0433\u043e \u0443\u0440\u043e\u0432\u043d\u044f \u043f\u043e\u0434\u0433\u043e\u0442\u043e\u0432\u043a\u0438 \u043e\u0431\u0443\u0447\u0430\u044e\u0449\u0438\u0445\u0441\u044f (\u0430 \u0442\u0430\u043a\u0436\u0435 \u0432\u044b\u043f\u043e\u043b\u043d\u044f\u0435\u043c\u044b\u0445 \u043d\u0430\u0443\u0447\u043d\u044b\u0445 \u0438\u0441\u0441\u043b\u0435\u0434\u043e\u0432\u0430\u043d\u0438\u0439);<\/span><\/p>\n<p><span style=\"font-size: 14pt;\">&#8211; \u0440\u0430\u0441\u043f\u0440\u043e\u0441\u0442\u0440\u0430\u043d\u0435\u043d\u0438\u0435 \u0438 \u043f\u0440\u043e\u043f\u0430\u0433\u0430\u043d\u0434\u0430 \u043d\u0430\u0443\u0447\u043d\u044b\u0445 \u0437\u043d\u0430\u043d\u0438\u0439.<\/span><\/p>\n<p><span style=\"font-size: 14pt;\">&#8211; \u043f\u043e\u0434\u0433\u043e\u0442\u043e\u0432\u043a\u0430 \u043a\u0432\u0430\u043b\u0438\u0444\u0438\u0446\u0438\u0440\u043e\u0432\u0430\u043d\u043d\u044b\u0445 \u0441\u043f\u0435\u0446\u0438\u0430\u043b\u0438\u0441\u0442\u043e\u0432 \u0434\u043b\u044f \u0441\u0442\u0440\u0430\u043d \u0434\u0430\u043b\u044c\u043d\u0435\u0433\u043e \u0437\u0430\u0440\u0443\u0431\u0435\u0436\u044c\u044f \u043f\u043e \u043b\u0438\u0446\u0435\u043d\u0437\u0438\u0440\u043e\u0432\u0430\u043d\u043d\u044b\u043c \u043d\u0430\u043f\u0440\u0430\u0432\u043b\u0435\u043d\u0438\u044f\u043c \u043f\u043e\u0434\u0433\u043e\u0442\u043e\u0432\u043a\u0438 (\u0441\u043f\u0435\u0446\u0438\u0430\u043b\u044c\u043d\u043e\u0441\u0442\u044f\u043c) \u0432\u044b\u0441\u0448\u0435\u0433\u043e \u043f\u0440\u043e\u0444\u0435\u0441\u0441\u0438\u043e\u043d\u0430\u043b\u044c\u043d\u043e\u0433\u043e \u043e\u0431\u0440\u0430\u0437\u043e\u0432\u0430\u043d\u0438\u044f.<\/span><\/p>\n<p><span style=\"font-size: 14pt;\">&#8211; \u043f\u043e\u0441\u0442\u043e\u044f\u043d\u043d\u043e\u0435 \u0441\u043e\u0432\u0435\u0440\u0448\u0435\u043d\u0441\u0442\u0432\u043e\u0432\u0430\u043d\u0438\u0435 \u043a\u0430\u0447\u0435\u0441\u0442\u0432\u0430 \u043f\u043e\u0434\u0433\u043e\u0442\u043e\u0432\u043a\u0438 \u0441\u043f\u0435\u0446\u0438\u0430\u043b\u0438\u0441\u0442\u043e\u0432 \u0441 \u0443\u0447\u0435\u0442\u043e\u043c \u0442\u0440\u0435\u0431\u043e\u0432\u0430\u043d\u0438\u0439 \u043f\u0440\u0430\u043a\u0442\u0438\u043a\u0438.<\/span><\/p>\n<p><span style=\"font-size: 14pt;\">&#8211; \u043e\u0440\u0433\u0430\u043d\u0438\u0437\u0430\u0446\u0438\u044f, \u043f\u043b\u0430\u043d\u0438\u0440\u043e\u0432\u0430\u043d\u0438\u0435 \u0438 \u043a\u043e\u043d\u0442\u0440\u043e\u043b\u044c \u0443\u0447\u0435\u0431\u043d\u043e\u0439 \u0438 \u0432\u043e\u0441\u043f\u0438\u0442\u0430\u0442\u0435\u043b\u044c\u043d\u043e\u0439 \u0440\u0430\u0431\u043e\u0442\u044b \u0441 \u0438\u043d\u043e\u0441\u0442\u0440\u0430\u043d\u043d\u044b\u043c\u0438 \u0441\u0442\u0443\u0434\u0435\u043d\u0442\u0430\u043c\u0438.<\/span><\/p>\n<p><span style=\"font-size: 14pt;\">&#8211; \u043e\u0440\u0433\u0430\u043d\u0438\u0437\u0430\u0446\u0438\u044f \u043a\u043e\u043d\u0442\u0440\u043e\u043b\u044f \u0441\u043e\u0431\u043b\u044e\u0434\u0435\u043d\u0438\u0435 \u043f\u0440\u0430\u0432\u043e\u0432\u043e\u0433\u043e \u043f\u043e\u043b\u043e\u0436\u0435\u043d\u0438\u044f \u0438\u043d\u043e\u0441\u0442\u0440\u0430\u043d\u043d\u044b\u0445 \u0433\u0440\u0430\u0436\u0434\u0430\u043d \u0432 \u0420\u043e\u0441\u0441\u0438\u0439\u0441\u043a\u043e\u0439 \u0424\u0435\u0434\u0435\u0440\u0430\u0446\u0438\u0438 \u0432 \u0441\u043e\u043e\u0442\u0432\u0435\u0442\u0441\u0442\u0432\u0438\u0438 \u0441 \u0424\u0435\u0434\u0435\u0440\u0430\u043b\u044c\u043d\u044b\u043c \u0437\u0430\u043a\u043e\u043d\u043e\u043c \u043e\u0442 25.07.2002 \u0433\u043e\u0434\u0430 \u2116115-\u0424\u0417 \u00ab\u041e \u043f\u0440\u0430\u0432\u043e\u0432\u043e\u043c \u043f\u043e\u043b\u043e\u0436\u0435\u043d\u0438\u0438 \u0438\u043d\u043e\u0441\u0442\u0440\u0430\u043d\u043d\u044b\u0445 \u0433\u0440\u0430\u0436\u0434\u0430\u043d \u0432 \u0420\u043e\u0441\u0441\u0438\u0439\u0441\u043a\u043e\u0439 \u0424\u0435\u0434\u0435\u0440\u0430\u0446\u0438\u0438\u00bb.<\/span><\/p>\n<p><span style=\"font-size: 14pt;\">\u0410\u0434\u0440\u0435\u0441: 414000, \u0433. \u0410\u0441\u0442\u0440\u0430\u0445\u0430\u043d\u044c, \u0443\u043b. \u0411\u0430\u043a\u0438\u043d\u0441\u043a\u0430\u044f, \u0434. 121, 2 \u044d\u0442. \u00a0\u043a\u0430\u0431. 234,235<\/span><\/p>\n<p><span style=\"font-size: 14pt;\"><strong>\u0422\u0435\u043b\u0435\u0444\u043e\u043d:<\/strong> <a href=\"tel:+78512669491\">+7(8512) 66-94-91<\/a><\/span><\/p>\n<p><span style=\"font-size: 14pt;\"><strong>E-mail:<\/strong> Fis.decanat@astgmu.ru<\/span><\/p>\n<p><span style=\"font-size: 14pt;\">\u0420\u0435\u0433\u043b\u0430\u043c\u0435\u043d\u0442 \u0440\u0430\u0431\u043e\u0442\u044b \u0434\u0435\u043a\u0430\u043d\u0430\u0442\u0430 \u0444\u0430\u043a\u0443\u043b\u044c\u0442\u0435\u0442\u0430 \u0438\u043d\u043e\u0441\u0442\u0440\u0430\u043d\u043d\u044b\u0445 \u0441\u0442\u0443\u0434\u0435\u043d\u0442\u043e\u0432:<\/span><\/p>\n<p><span style=\"font-size: 14pt;\">\u043f\u043e\u043d\u0435\u0434\u0435\u043b\u044c\u043d\u0438\u043a-\u043f\u044f\u0442\u043d\u0438\u0446\u0430 09.00-17.30 \u0447.<\/span><\/p>\n<p><span style=\"font-size: 14pt;\">\u043f\u0435\u0440\u0435\u0440\u044b\u0432: 13.00-14.00 \u0447.<\/span><\/p>\n<p><span style=\"font-size: 14pt;\">\u043f\u0440\u0438\u0435\u043c \u0441\u0442\u0443\u0434\u0435\u043d\u0442\u043e\u0432: \u0435\u0436\u0435\u0434\u043d\u0435\u0432\u043d\u043e \u0441 14.00 \u0434\u043e 17.00 \u0447.<\/span><\/p>\n<div><\/div>\n<p>[\/vc_column_text][\/vc_column][\/vc_row]<\/p>\n","protected":false},"excerpt":{"rendered":"<p>[vc_row][vc_column width=&#8221;1\/2&#8243;][vc_btn title=&#8221;The Faculty of Foreign Students&#8221; color=&#8221;warning&#8221; size=&#8221;lg&#8221; align=&#8221;center&#8221; css_animation=&#8221;fadeIn&#8221; link=&#8221;url:http%3A%2F%2Fastgmu.ru%2Fwp-content%2Fuploads%2F2024%2F11%2FThe-Faculty-of-Foreign-Students.pdf|||&#8221;][\/vc_column][vc_column width=&#8221;1\/2&#8243;][vc_btn title=&#8221;La Facult\u00e9 des \u00e9tudiants \u00e9trangers&#8221; color=&#8221;warning&#8221; size=&#8221;lg&#8221; align=&#8221;center&#8221; css_animation=&#8221;fadeIn&#8221; link=&#8221;url:http%3A%2F%2Fastgmu.ru%2Fwp-content%2Fuploads%2F2024%2F11%2FLa-Faculte-des-etudiants-etrangers.pdf|||&#8221;][\/vc_column][\/vc_row][vc_row][vc_column][vc_column_text] \u0424\u0430\u043a\u0443\u043b\u044c\u0442\u0435\u0442 \u0438\u043d\u043e\u0441\u0442\u0440\u0430\u043d\u043d\u044b\u0445 \u0441\u0442\u0443\u0434\u0435\u043d\u0442\u043e\u0432 \u044f\u0432\u043b\u044f\u0435\u0442\u0441\u044f \u0441\u0442\u0440\u0443\u043a\u0442\u0443\u0440\u043d\u044b\u043c \u043f\u043e\u0434\u0440\u0430\u0437\u0434\u0435\u043b\u0435\u043d\u0438\u0435\u043c \u0424\u0413\u0411\u041e\u0423 [&hellip;]<\/p>\n","protected":false},"author":100,"featured_media":0,"parent":5413,"menu_order":0,"comment_status":"closed","ping_status":"closed","template":"page-templates\/fac-page.php","meta":{"footnotes":""},"translation":{"provider":"WPGlobus","version":"2.8.11","language":"fr","enabled_languages":["ru","en","fr"],"languages":{"ru":{"title":true,"content":true,"excerpt":false},"en":{"title":false,"content":true,"excerpt":false},"fr":{"title":false,"content":false,"excerpt":false}}},"acf":[],"rttpg_featured_image_url":null,"rttpg_author":{"display_name":"dpt9","author_link":"https:\/\/astgmu.ru\/fr\/author\/dpt9\/"},"rttpg_comment":0,"rttpg_category":null,"rttpg_excerpt":"[vc_row][vc_column width=&#8221;1\/2&#8243;][vc_btn title=&#8221;The Faculty of Foreign Students&#8221; color=&#8221;warning&#8221; size=&#8221;lg&#8221; align=&#8221;center&#8221; css_animation=&#8221;fadeIn&#8221; link=&#8221;url:http%3A%2F%2Fastgmu.ru%2Fwp-content%2Fuploads%2F2024%2F11%2FThe-Faculty-of-Foreign-Students.pdf|||&#8221;][\/vc_column][vc_column width=&#8221;1\/2&#8243;][vc_btn title=&#8221;La Facult\u00e9 des \u00e9tudiants \u00e9trangers&#8221; color=&#8221;warning&#8221; size=&#8221;lg&#8221; align=&#8221;center&#8221; css_animation=&#8221;fadeIn&#8221; link=&#8221;url:http%3A%2F%2Fastgmu.ru%2Fwp-content%2Fuploads%2F2024%2F11%2FLa-Faculte-des-etudiants-etrangers.pdf|||&#8221;][\/vc_column][\/vc_row][vc_row][vc_column][vc_column_text] \u0424\u0430\u043a\u0443\u043b\u044c\u0442\u0435\u0442 \u0438\u043d\u043e\u0441\u0442\u0440\u0430\u043d\u043d\u044b\u0445 \u0441\u0442\u0443\u0434\u0435\u043d\u0442\u043e\u0432 \u044f\u0432\u043b\u044f\u0435\u0442\u0441\u044f \u0441\u0442\u0440\u0443\u043a\u0442\u0443\u0440\u043d\u044b\u043c \u043f\u043e\u0434\u0440\u0430\u0437\u0434\u0435\u043b\u0435\u043d\u0438\u0435\u043c \u0424\u0413\u0411\u041e\u0423 [&hellip;]","_links":{"self":[{"href":"https:\/\/astgmu.ru\/fr\/wp-json\/wp\/v2\/pages\/5414"}],"collection":[{"href":"https:\/\/astgmu.ru\/fr\/wp-json\/wp\/v2\/pages"}],"about":[{"href":"https:\/\/astgmu.ru\/fr\/wp-json\/wp\/v2\/types\/page"}],"author":[{"embeddable":true,"href":"https:\/\/astgmu.ru\/fr\/wp-json\/wp\/v2\/users\/100"}],"replies":[{"embeddable":true,"href":"https:\/\/astgmu.ru\/fr\/wp-json\/wp\/v2\/comments?post=5414"}],"version-history":[{"count":9,"href":"https:\/\/astgmu.ru\/fr\/wp-json\/wp\/v2\/pages\/5414\/revisions"}],"predecessor-version":[{"id":180470,"href":"https:\/\/astgmu.ru\/fr\/wp-json\/wp\/v2\/pages\/5414\/revisions\/180470"}],"up":[{"embeddable":true,"href":"https:\/\/astgmu.ru\/fr\/wp-json\/wp\/v2\/pages\/5413"}],"wp:attachment":[{"href":"https:\/\/astgmu.ru\/fr\/wp-json\/wp\/v2\/media?parent=5414"}],"curies":[{"name":"wp","href":"https:\/\/api.w.org\/{rel}","templated":true}]}}